{"id":1299,"date":"2025-12-31T09:57:17","date_gmt":"2025-12-31T08:57:17","guid":{"rendered":"https:\/\/nsyhair.com\/fr\/?post_type=product&#038;p=1299"},"modified":"2026-04-09T04:48:08","modified_gmt":"2026-04-09T02:48:08","slug":"frais-de-port-de-retour-et-droits-de-douane","status":"publish","type":"product","link":"https:\/\/nsyhair.com\/fr\/produit\/frais-de-port-de-retour-et-droits-de-douane\/","title":{"rendered":"Frais de port de retour et droits de douane"},"content":{"rendered":"<p>Frais de port de retour et droits de douane<\/p>\n","protected":false},"excerpt":{"rendered":"<p>Il est primordial pour nous que vous soyez enti\u00e8rement satisfait de votre achat. Si, pour une raison quelconque, vous n\u2019\u00eates pas compl\u00e8tement ravi de vos articles, nous acceptons volontiers les retours, \u00e0 condition que ces derniers soient non modifi\u00e9s, non port\u00e9s, non lav\u00e9s et non endommag\u00e9s, qu\u2019ils soient bien identifi\u00e9s comme des produits de notre soci\u00e9t\u00e9 et qu\u2019ils soient renvoy\u00e9s dans leur emballage d\u2019origine, avec un timbre postal datant de moins de 30 jours.<\/p>\n<p>Un remboursement int\u00e9gral sera effectu\u00e9 via PayPal, d\u00e8s que nous aurons re\u00e7u, inspect\u00e9 et confirm\u00e9 que les cheveux retourn\u00e9s n\u2019ont pas \u00e9t\u00e9 utilis\u00e9s. Le traitement du remboursement peut prendre 3 \u00e0 5 jours ouvrables.<\/p>\n","protected":false},"featured_media":1300,"comment_status":"open","ping_status":"closed","template":"","meta":{"site-sidebar-layout":"default","site-content-layout":"","ast-site-content-layout":"default","site-content-style":"default","site-sidebar-style":"default","ast-global-header-display":"","ast-banner-title-visibility":"","ast-main-header-display":"","ast-hfb-above-header-display":"","ast-hfb-below-header-display":"","ast-hfb-mobile-header-display":"","site-post-title":"","ast-breadcrumbs-content":"","ast-featured-img":"","footer-sml-layout":"","ast-disable-related-posts":"","theme-transparent-header-meta":"default","adv-header-id-meta":"","stick-header-meta":"","header-above-stick-meta":"","header-main-stick-meta":"","header-below-stick-meta":"","astra-migrate-meta-layouts":"set","ast-page-background-enabled":"default","ast-page-background-meta":{"desktop":{"background-color":"var(--ast-global-color-5)","background-image":"","background-repeat":"repeat","background-position":"center center","background-size":"auto","background-attachment":"scroll","background-type":"","background-media":"","overlay-type":"","overlay-color":"","overlay-opacity":"","overlay-gradient":""},"tablet":{"background-color":"","background-image":"","background-repeat":"repeat","background-position":"center center","background-size":"auto","background-attachment":"scroll","background-type":"","background-media":"","overlay-type":"","overlay-color":"","overlay-opacity":"","overlay-gradient":""},"mobile":{"background-color":"","background-image":"","background-repeat":"repeat","background-position":"center center","background-size":"auto","background-attachment":"scroll","background-type":"","background-media":"","overlay-type":"","overlay-color":"","overlay-opacity":"","overlay-gradient":""}},"ast-content-background-meta":{"desktop":{"background-color":"var(--ast-global-color-4)","background-image":"","background-repeat":"repeat","background-position":"center center","background-size":"auto","background-attachment":"scroll","background-type":"","background-media":"","overlay-type":"","overlay-color":"","overlay-opacity":"","overlay-gradient":""},"tablet":{"background-color":"var(--ast-global-color-4)","background-image":"","background-repeat":"repeat","background-position":"center center","background-size":"auto","background-attachment":"scroll","background-type":"","background-media":"","overlay-type":"","overlay-color":"","overlay-opacity":"","overlay-gradient":""},"mobile":{"background-color":"var(--ast-global-color-4)","background-image":"","background-repeat":"repeat","background-position":"center center","background-size":"auto","background-attachment":"scroll","background-type":"","background-media":"","overlay-type":"","overlay-color":"","overlay-opacity":"","overlay-gradient":""}}},"product_brand":[],"product_cat":[16],"product_tag":[],"class_list":{"0":"post-1299","1":"product","2":"type-product","3":"status-publish","4":"has-post-thumbnail","6":"product_cat-non-classe","7":"desktop-align-left","8":"tablet-align-left","9":"mobile-align-left","11":"first","12":"instock","13":"shipping-taxable","14":"purchasable","15":"product-type-simple"},"_links":{"self":[{"href":"https:\/\/nsyhair.com\/fr\/wp-json\/wp\/v2\/product\/1299","targetHints":{"allow":["GET"]}}],"collection":[{"href":"https:\/\/nsyhair.com\/fr\/wp-json\/wp\/v2\/product"}],"about":[{"href":"https:\/\/nsyhair.com\/fr\/wp-json\/wp\/v2\/types\/product"}],"replies":[{"embeddable":true,"href":"https:\/\/nsyhair.com\/fr\/wp-json\/wp\/v2\/comments?post=1299"}],"wp:featuredmedia":[{"embeddable":true,"href":"https:\/\/nsyhair.com\/fr\/wp-json\/wp\/v2\/media\/1300"}],"wp:attachment":[{"href":"https:\/\/nsyhair.com\/fr\/wp-json\/wp\/v2\/media?parent=1299"}],"wp:term":[{"taxonomy":"product_brand","embeddable":true,"href":"https:\/\/nsyhair.com\/fr\/wp-json\/wp\/v2\/product_brand?post=1299"},{"taxonomy":"product_cat","embeddable":true,"href":"https:\/\/nsyhair.com\/fr\/wp-json\/wp\/v2\/product_cat?post=1299"},{"taxonomy":"product_tag","embeddable":true,"href":"https:\/\/nsyhair.com\/fr\/wp-json\/wp\/v2\/product_tag?post=1299"}],"curies":[{"name":"wp","href":"https:\/\/api.w.org\/{rel}","templated":true}]}}