{"id":89,"date":"2025-12-24T08:03:44","date_gmt":"2025-12-24T07:03:44","guid":{"rendered":"https:\/\/nsyhair.com\/fr\/?page_id=89"},"modified":"2026-04-08T10:46:23","modified_gmt":"2026-04-08T08:46:23","slug":"guide-de-commande","status":"publish","type":"page","link":"https:\/\/nsyhair.com\/fr\/guide-de-commande\/","title":{"rendered":"Guide de Commande"},"content":{"rendered":"\n<h2 class=\"wp-block-heading has-text-align-center\" style=\"margin-top:var(--wp--preset--spacing--80);font-size:22px\">Comprendre notre syst\u00e8me de codification des couleurs<\/h2>\n\n\n\n<p>D&rsquo;une mani\u00e8re g\u00e9n\u00e9rale, plus le chiffre du code couleur est \u00e9lev\u00e9, plus la teinte sera claire. Par exemple, le coloris <strong>#20<\/strong> est plus clair que le <strong>#18<\/strong>. \u00c0 titre de comparaison, le <strong>#1<\/strong> est le noir le plus profond (le plus fonc\u00e9), tandis que le <strong>#60<\/strong> est le blond le plus pur (le plus clair).<\/p>\n\n\n\n<p>Les nuances grisonnantes (Poivre et Sel)<\/p>\n\n\n\n<p>Pour les r\u00e9f\u00e9rences incluant des cheveux gris, les deux derniers chiffres du code indiquent le <strong>pourcentage de cheveux gris<\/strong> int\u00e9gr\u00e9s au m\u00e9lange.<\/p>\n\n\n\n<ul class=\"wp-block-list\">\n<li><strong>Exemple #210 :<\/strong> Le chiffre \u00ab 2 \u00bb repr\u00e9sente notre brun le plus fonc\u00e9, tandis que le \u00ab 10 \u00bb signifie que le syst\u00e8me contient 10 % de cheveux gris.<\/li>\n\n\n\n<li>De la m\u00eame mani\u00e8re, le <strong>#220<\/strong> correspond \u00e0 ce m\u00eame brun fonc\u00e9 m\u00e9lang\u00e9 \u00e0 20 % de cheveux gris.<\/li>\n<\/ul>\n\n\n\n<h4 class=\"wp-block-heading\" style=\"font-size:18px\"><strong>La sp\u00e9cification \u00ab R \u00bb<\/strong><\/h4>\n\n\n\n<p>La pr\u00e9sence de la lettre <strong>\u00ab R \u00bb<\/strong> dans un code couleur signifie que la teinte est <strong>un ton plus claire<\/strong> que la nuance de base indiqu\u00e9e.<\/p>\n\n\n\n<p><strong>Exemple 4R :<\/strong> Le code 4R correspond \u00e0 un ch\u00e2tain moyen (Medium Brown) dont la tonalit\u00e9 a \u00e9t\u00e9 \u00e9claircie d&rsquo;un cran.<\/p>\n\n\n\n<div style=\"text-align: center;Width:100%;float: left;\">\n<p style=\"float: left;\"><img loading=\"lazy\" decoding=\"async\" src=\"https:\/\/nsyhair.com\/wp-content\/uploads\/colors\/1.webp\" width=\"105\" height=\"75\" alt=\"\"><br\/>\n#1<\/p>\n<p style=\"float: left;\"><img loading=\"lazy\" decoding=\"async\" src=\"https:\/\/nsyhair.com\/wp-content\/uploads\/colors\/1B.webp\" width=\"105\" height=\"75\" alt=\"\"><br\/>\n#1B<\/p>\n<p style=\"float: left;\"><img loading=\"lazy\" decoding=\"async\" src=\"https:\/\/nsyhair.com\/wp-content\/uploads\/colors\/1B10.webp\" width=\"105\" height=\"75\" alt=\"\"><br\/>\n#1B10<\/p>\n<p style=\"float: left;\"><img loading=\"lazy\" decoding=\"async\" src=\"https:\/\/nsyhair.com\/wp-content\/uploads\/colors\/1B20.webp\" width=\"105\" height=\"75\" alt=\"\"><br\/>\n#1B20<\/p>\n<p style=\"float: left;\"><img loading=\"lazy\" decoding=\"async\" src=\"https:\/\/nsyhair.com\/wp-content\/uploads\/colors\/1B30.webp\" width=\"105\" height=\"75\" alt=\"\"><br\/>\n#1B30<\/p>\n<p style=\"float: left;\"><img loading=\"lazy\" decoding=\"async\" src=\"https:\/\/nsyhair.com\/wp-content\/uploads\/colors\/1B40.webp\" width=\"105\" height=\"75\" alt=\"\"><br\/>\n#1B40<\/p>\n<p style=\"float: left;\"><img loading=\"lazy\" decoding=\"async\" src=\"https:\/\/nsyhair.com\/wp-content\/uploads\/colors\/1B50.webp\" width=\"105\" height=\"75\" alt=\"\"><br\/>\n#1B50<\/p>\n<p style=\"float: left;\"><img loading=\"lazy\" decoding=\"async\" src=\"https:\/\/nsyhair.com\/wp-content\/uploads\/colors\/1B65.webp\" width=\"105\" height=\"75\" alt=\"\"><br\/>\n#1B65<\/p>\n<p style=\"float: left;\"><img loading=\"lazy\" decoding=\"async\" src=\"https:\/\/nsyhair.com\/wp-content\/uploads\/colors\/1B80.webp\" width=\"105\" height=\"75\" alt=\"\"><br\/>\n#1B80<\/p>\n<p style=\"float: left;\"><img loading=\"lazy\" decoding=\"async\" src=\"https:\/\/nsyhair.com\/wp-content\/uploads\/colors\/2.webp\" width=\"105\" height=\"75\" alt=\"\"><br\/>\n#2<\/p>\n<p style=\"float: left;\"><img loading=\"lazy\" decoding=\"async\" src=\"https:\/\/nsyhair.com\/wp-content\/uploads\/colors\/210.webp\" width=\"105\" height=\"75\" alt=\"\"><br\/>\n#210<\/p>\n<p style=\"float: left;\"><img loading=\"lazy\" decoding=\"async\" src=\"https:\/\/nsyhair.com\/wp-content\/uploads\/colors\/220.webp\" width=\"105\" height=\"75\" alt=\"\"><br\/>\n#220<\/p>\n<p style=\"float: left;\"><img loading=\"lazy\" decoding=\"async\" src=\"https:\/\/nsyhair.com\/wp-content\/uploads\/colors\/230.webp\" width=\"105\" height=\"75\" alt=\"\"><br\/>\n#230<\/p>\n<p style=\"float: left;\"><img loading=\"lazy\" decoding=\"async\" src=\"https:\/\/nsyhair.com\/wp-content\/uploads\/colors\/240.webp\" width=\"105\" height=\"75\" alt=\"\"><br\/>\n#240<\/p>\n<p style=\"float: left;\"><img loading=\"lazy\" decoding=\"async\" src=\"https:\/\/nsyhair.com\/wp-content\/uploads\/colors\/250.webp\" width=\"105\" height=\"75\" alt=\"\"><br\/>\n#250<\/p>\n<p style=\"float: left;\"><img loading=\"lazy\" decoding=\"async\" src=\"https:\/\/nsyhair.com\/wp-content\/uploads\/colors\/260.webp\" width=\"105\" height=\"75\" alt=\"\"><br\/>\n#260<\/p>\n<p style=\"float: left;\"><img loading=\"lazy\" decoding=\"async\" src=\"https:\/\/nsyhair.com\/wp-content\/uploads\/colors\/3.webp\" width=\"105\" height=\"75\" alt=\"\"><br\/>\n#3<\/p>\n<p style=\"float: left;\"><img loading=\"lazy\" decoding=\"async\" src=\"https:\/\/nsyhair.com\/wp-content\/uploads\/colors\/310.webp\" width=\"105\" height=\"75\" alt=\"\"><br\/>\n#310<\/p>\n<p style=\"float: left;\"><img loading=\"lazy\" decoding=\"async\" src=\"https:\/\/nsyhair.com\/wp-content\/uploads\/colors\/320.webp\" width=\"105\" height=\"75\" alt=\"\"><br\/>\n#320<\/p>\n<p style=\"float: left;\"><img loading=\"lazy\" decoding=\"async\" src=\"https:\/\/nsyhair.com\/wp-content\/uploads\/colors\/330.webp\" width=\"105\" height=\"75\" alt=\"\"><br\/>\n#330<\/p>\n<p style=\"float: left;\"><img loading=\"lazy\" decoding=\"async\" src=\"https:\/\/nsyhair.com\/wp-content\/uploads\/colors\/340.webp\" width=\"105\" height=\"75\" alt=\"\"><br\/>\n#340<\/p>\n<p style=\"float: left;\"><img loading=\"lazy\" decoding=\"async\" src=\"https:\/\/nsyhair.com\/wp-content\/uploads\/colors\/350.webp\" width=\"105\" height=\"75\" alt=\"\"><br\/>\n#350<\/p>\n<p style=\"float: left;\"><img loading=\"lazy\" decoding=\"async\" src=\"https:\/\/nsyhair.com\/wp-content\/uploads\/colors\/365.webp\" width=\"105\" height=\"75\" alt=\"\"><br\/>\n#365<\/p>\n<p style=\"float: left;\"><img loading=\"lazy\" decoding=\"async\" src=\"https:\/\/nsyhair.com\/wp-content\/uploads\/colors\/380.webp\" width=\"105\" height=\"75\" alt=\"\"><br\/>\n#380<\/p>\n<p style=\"float: left;\"><img loading=\"lazy\" decoding=\"async\" src=\"https:\/\/nsyhair.com\/wp-content\/uploads\/colors\/4.webp\" width=\"105\" height=\"75\" alt=\"\"><br\/>\n#4<\/p>\n<p style=\"float: left;\"><img loading=\"lazy\" decoding=\"async\" src=\"https:\/\/nsyhair.com\/wp-content\/uploads\/colors\/410.webp\" width=\"105\" height=\"75\" alt=\"\"><br\/>\n#410<\/p>\n<p style=\"float: left;\"><img loading=\"lazy\" decoding=\"async\" src=\"https:\/\/nsyhair.com\/wp-content\/uploads\/colors\/420.webp\" width=\"105\" height=\"75\" alt=\"\"><br\/>\n#420<\/p>\n<p style=\"float: left;\"><img loading=\"lazy\" decoding=\"async\" src=\"https:\/\/nsyhair.com\/wp-content\/uploads\/colors\/430.webp\" width=\"105\" height=\"75\" alt=\"\"><br\/>\n#430<\/p>\n<p style=\"float: left;\"><img loading=\"lazy\" decoding=\"async\" src=\"https:\/\/nsyhair.com\/wp-content\/uploads\/colors\/440.webp\" width=\"105\" height=\"75\" alt=\"\"><br\/>\n#440<\/p>\n<p style=\"float: left;\"><img loading=\"lazy\" decoding=\"async\" src=\"https:\/\/nsyhair.com\/wp-content\/uploads\/colors\/450.webp\" width=\"105\" height=\"75\" alt=\"\"><br\/>\n#450<\/p>\n<p style=\"float: left;\"><img loading=\"lazy\" decoding=\"async\" src=\"https:\/\/nsyhair.com\/wp-content\/uploads\/colors\/5.webp\" width=\"105\" height=\"75\" alt=\"\"><br\/>\n#5<\/p>\n<p style=\"float: left;\"><img loading=\"lazy\" decoding=\"async\" src=\"https:\/\/nsyhair.com\/wp-content\/uploads\/colors\/520.webp\" width=\"105\" height=\"75\" alt=\"\"><br\/>\n#520<\/p>\n<p style=\"float: left;\"><img loading=\"lazy\" decoding=\"async\" src=\"https:\/\/nsyhair.com\/wp-content\/uploads\/colors\/530.webp\" width=\"105\" height=\"75\" alt=\"\"><br\/>\n#530<\/p>\n<p style=\"float: left;\"><img loading=\"lazy\" decoding=\"async\" src=\"https:\/\/nsyhair.com\/wp-content\/uploads\/colors\/540.webp\" width=\"105\" height=\"75\" alt=\"\"><br\/>\n#540<\/p>\n<p style=\"float: left;\"><img loading=\"lazy\" decoding=\"async\" src=\"https:\/\/nsyhair.com\/wp-content\/uploads\/colors\/565.webp\" width=\"105\" height=\"75\" alt=\"\"><br\/>\n#565<\/p>\n<p style=\"float: left;\"><img loading=\"lazy\" decoding=\"async\" src=\"https:\/\/nsyhair.com\/wp-content\/uploads\/colors\/580.webp\" width=\"105\" height=\"75\" alt=\"\"><br\/>\n#580<\/p>\n<p style=\"float: left;\"><img loading=\"lazy\" decoding=\"async\" src=\"https:\/\/nsyhair.com\/wp-content\/uploads\/colors\/6.webp\" width=\"105\" height=\"75\" alt=\"\"><br\/>\n#6<\/p>\n<p style=\"float: left;\"><img loading=\"lazy\" decoding=\"async\" src=\"https:\/\/nsyhair.com\/wp-content\/uploads\/colors\/630.webp\" width=\"105\" height=\"75\" alt=\"\"><br\/>\n#630<\/p>\n<p style=\"float: left;\"><img loading=\"lazy\" decoding=\"async\" src=\"https:\/\/nsyhair.com\/wp-content\/uploads\/colors\/7.webp\" width=\"105\" height=\"75\" alt=\"\"><br\/>\n#7<\/p>\n<p style=\"float: left;\"><img loading=\"lazy\" decoding=\"async\" src=\"https:\/\/nsyhair.com\/wp-content\/uploads\/colors\/710.webp\" width=\"105\" height=\"75\" alt=\"\"><br\/>\n#710<\/p>\n<p style=\"float: left;\"><img loading=\"lazy\" decoding=\"async\" src=\"https:\/\/nsyhair.com\/wp-content\/uploads\/colors\/720.webp\" width=\"105\" height=\"75\" alt=\"\"><br\/>\n#720<\/p>\n<p style=\"float: left;\"><img loading=\"lazy\" decoding=\"async\" src=\"https:\/\/nsyhair.com\/wp-content\/uploads\/colors\/750.webp\" width=\"105\" height=\"75\" alt=\"\"><br\/>\n#750<\/p>\n<p style=\"float: left;\"><img loading=\"lazy\" decoding=\"async\" src=\"https:\/\/nsyhair.com\/wp-content\/uploads\/colors\/7ASH.webp\" width=\"105\" height=\"75\" alt=\"\"><br\/>\n#7ASH<\/p>\n<p style=\"float: left;\"><img loading=\"lazy\" decoding=\"async\" src=\"https:\/\/nsyhair.com\/wp-content\/uploads\/colors\/17.webp\" width=\"105\" height=\"75\" alt=\"\"><br\/>\n#17<\/p>\n<p style=\"float: left;\"><img loading=\"lazy\" decoding=\"async\" src=\"https:\/\/nsyhair.com\/wp-content\/uploads\/colors\/1720.webp\" width=\"105\" height=\"75\" alt=\"\"><br\/>\n#1720<\/p>\n<p style=\"float: left;\"><img loading=\"lazy\" decoding=\"async\" src=\"https:\/\/nsyhair.com\/wp-content\/uploads\/colors\/1740.webp\" width=\"105\" height=\"75\" alt=\"\"><br\/>\n#1740<\/p>\n<p style=\"float: left;\"><img loading=\"lazy\" decoding=\"async\" src=\"https:\/\/nsyhair.com\/wp-content\/uploads\/colors\/18.webp\" width=\"105\" height=\"75\" alt=\"\"><br\/>\n#18<\/p>\n<p style=\"float: left;\"><img loading=\"lazy\" decoding=\"async\" src=\"https:\/\/nsyhair.com\/wp-content\/uploads\/colors\/22.webp\" width=\"105\" height=\"75\" alt=\"\"><br\/>\n#22<\/p>\n<p style=\"float: left;\"><img loading=\"lazy\" decoding=\"async\" src=\"https:\/\/nsyhair.com\/wp-content\/uploads\/colors\/60.webp\" width=\"105\" height=\"75\" alt=\"\"><br\/>\n#60<\/p>\n<\/div>\n\n\n\n<h2 class=\"wp-block-heading has-text-align-center\" style=\"margin-top:0;padding-top:var(--wp--preset--spacing--70);font-size:22px\">Les Standards de Densit\u00e9 NSYHAIR<\/h2>\n\n\n\n<p>Il est important de noter que les standards de densit\u00e9 varient d\u2019un fabricant \u00e0 l\u2019autre ; par cons\u00e9quent, nos mesures peuvent diff\u00e9rer de celles d\u2019autres fournisseurs.<\/p>\n\n\n\n<p>La densit\u00e9 d\u2019un compl\u00e9ment capillaire correspond \u00e0 la quantit\u00e9 de cheveux implant\u00e9s (ou \u00ab ventil\u00e9s \u00bb) sur la base de la proth\u00e8se. Choisir la densit\u00e9 ad\u00e9quate est une \u00e9tape cruciale pour garantir que le syst\u00e8me paraisse <strong>totalement naturel et ind\u00e9celable<\/strong> une fois port\u00e9.<\/p>\n\n\n\n<p>Chez <strong>NSYHAIR<\/strong>, nous proposons une gamme de <strong>6 niveaux de densit\u00e9<\/strong>, allant de <strong>\u00ab Extra-L\u00e9g\u00e8re (60 %) \u00bb<\/strong> \u00e0 <strong>\u00ab Forte (180 %) \u00bb<\/strong>. Le choix de la densit\u00e9 id\u00e9ale d\u00e9pend de plusieurs facteurs cl\u00e9s, tels que votre \u00e2ge, la densit\u00e9 de vos cheveux d&rsquo;origine et vos pr\u00e9f\u00e9rences en mati\u00e8re de coiffage.<\/p>\n\n\n\n<div style=\" text-align: center; Width:100%;float: left;\">\n    <p style=\"float: left\"><img loading=\"lazy\" decoding=\"async\" src=\"https:\/\/nsyhair.com\/wp-content\/uploads\/2024\/02\/Extra-Light-60.jpg\" width=\"150\" height=\"150\" alt=\"\"><br\/><span>Extra Light 60%<\/span><\/p>\n\t<p style=\"float: left\"><img loading=\"lazy\" decoding=\"async\" src=\"https:\/\/nsyhair.com\/wp-content\/uploads\/2024\/02\/Light-80.jpg\" width=\"150\" height=\"150\" alt=\"\"><br\/><span>Light 80%<\/span><\/p>\n\t<p style=\"float: left\"><img loading=\"lazy\" decoding=\"async\" src=\"https:\/\/nsyhair.com\/wp-content\/uploads\/2024\/02\/Medium-Light-90.jpg\" width=\"150\" height=\"150\" alt=\"\"><br\/><span>Medium Light 90%<\/span><\/p>\n\t<p style=\"float: left\"><img loading=\"lazy\" decoding=\"async\" src=\"https:\/\/nsyhair.com\/wp-content\/uploads\/2024\/02\/Medium-Light-100.jpg\" width=\"150\" height=\"150\" alt=\"\"><br\/><span>Medium Light 100%<\/span><\/p>\n\t<p style=\"float: left\"><img loading=\"lazy\" decoding=\"async\" src=\"https:\/\/nsyhair.com\/wp-content\/uploads\/2024\/02\/Medium-Light-115.jpg\" width=\"150\" height=\"150\" alt=\"\"><br\/><span>Medium Light 115%<\/span><\/p>\n\t<p style=\"float: left\"><img loading=\"lazy\" decoding=\"async\" src=\"https:\/\/nsyhair.com\/wp-content\/uploads\/2024\/02\/Medium-130.jpg\" width=\"150\" height=\"150\" alt=\"\"><br\/><span>Medium 130%<\/span><\/p>\n\t<p style=\"float: left\"><img loading=\"lazy\" decoding=\"async\" src=\"https:\/\/nsyhair.com\/wp-content\/uploads\/2024\/02\/Heavy-150.jpg\" width=\"150\" height=\"150\" alt=\"\"><br\/><span>Heavy 150%<\/span><\/p>\n\t<p style=\"float: left\"><img loading=\"lazy\" decoding=\"async\" src=\"https:\/\/nsyhair.com\/wp-content\/uploads\/2024\/02\/Extra-Heavy-180.jpg\" width=\"150\" height=\"150\" alt=\"\"><br\/><span>Extra Heavy 180%<\/span><\/p>\n<\/div>\n\n\n\n<h2 class=\"wp-block-heading has-text-align-center\" style=\"margin-top:0;padding-top:var(--wp--preset--spacing--80);font-size:22px\">Comment l&rsquo;\u00e2ge influence-t-il le choix de la densit\u00e9 ?<\/h2>\n\n\n\n<div class=\"wp-block-columns alignwide is-layout-flex wp-container-core-columns-is-layout-28f84493 wp-block-columns-is-layout-flex\">\n<div class=\"wp-block-column is-layout-flow wp-block-column-is-layout-flow\">\n<div class=\"wp-block-media-text alignwide is-stacked-on-mobile\" style=\"margin-top:var(--wp--preset--spacing--60)\"><figure class=\"wp-block-media-text__media\"><img loading=\"lazy\" decoding=\"async\" width=\"1024\" height=\"543\" src=\"https:\/\/nsyhair.com\/fr\/wp-content\/uploads\/2026\/04\/midu.jpeg\" alt=\"\" class=\"wp-image-18311 size-full\" srcset=\"https:\/\/nsyhair.com\/fr\/wp-content\/uploads\/2026\/04\/midu.jpeg 1024w, https:\/\/nsyhair.com\/fr\/wp-content\/uploads\/2026\/04\/midu-768x407.jpeg 768w, https:\/\/nsyhair.com\/fr\/wp-content\/uploads\/2026\/04\/midu-600x318.jpeg 600w\" sizes=\"auto, (max-width: 1024px) 100vw, 1024px\" \/><\/figure><div class=\"wp-block-media-text__content\">\n<p>Le secret d\u2019un compl\u00e9ment capillaire ind\u00e9celable r\u00e9side dans l&rsquo;\u00e9quilibre : il est essentiel de choisir une densit\u00e9 en harmonie avec votre tranche d\u2019\u00e2ge.<\/p>\n\n\n\n<ul class=\"wp-block-list\">\n<li><strong>Pour un \u00e2ge m\u00fbr :<\/strong> La chevelure a naturellement tendance \u00e0 s&rsquo;affiner avec le temps. Nous recommandons une densit\u00e9 comprise entre <strong>\u00ab Extra-L\u00e9g\u00e8re \u00bb (60 %)<\/strong> et <strong>\u00ab L\u00e9g\u00e8re \u00bb (80 %)<\/strong> pour un rendu authentique.<\/li>\n\n\n\n<li><strong>\u00c0 20 ans :<\/strong> Si vos cheveux d&rsquo;origine sont denses, vous pouvez opter pour une densit\u00e9 <strong>\u00ab Moyenne-L\u00e9g\u00e8re \u00bb<\/strong> \u00e0 <strong>\u00ab Moyenne \u00bb<\/strong> (soit entre <strong>100 %<\/strong> et <strong>130 %<\/strong>).<\/li>\n\n\n\n<li><strong>Dans la trentaine ou la quarantaine :<\/strong> Une densit\u00e9 situ\u00e9e entre <strong>90 %<\/strong> et <strong>95 %<\/strong> est g\u00e9n\u00e9ralement le choix le plus \u00e9quilibr\u00e9 et le plus flatteur.<\/li>\n<\/ul>\n\n\n\n<p><strong>Le conseil de l&rsquo;expert :<\/strong> Il est tentant, lors d\u2019un premier achat, de vouloir une chevelure extr\u00eamement fournie. Cependant, la <strong>subtilit\u00e9<\/strong> est la cl\u00e9 d\u2019un look r\u00e9ussi. Un r\u00e9sultat plus nuanc\u00e9 est souvent pr\u00e9f\u00e9rable pour garantir un naturel absolu et \u00e9viter l&rsquo;effet \u00ab perruque \u00bb.<\/p>\n<\/div><\/div>\n<\/div>\n<\/div>\n\n\n\n<h2 class=\"wp-block-heading has-text-align-center\" style=\"padding-top:var(--wp--preset--spacing--60);font-size:22px\">Comment le type de base influence-t-il le choix de la densit\u00e9 ?<\/h2>\n\n\n\n<p class=\"has-text-align-left\">Le choix de la densit\u00e9 capillaire n&rsquo;est pas seulement une question d&rsquo;esth\u00e9tique, c&rsquo;est aussi une question de <strong>faisabilit\u00e9 technique<\/strong>. Chaque type de monture (base) poss\u00e8de une capacit\u00e9 de charge sp\u00e9cifique :<\/p>\n\n\n\n<p class=\"has-text-align-left\"><strong>Bases Mono ou Soie (Silk) :<\/strong> \u00c0 l&rsquo;inverse, les bases en monofilament ou en soie sont plus robustes. Leur structure renforc\u00e9e leur permet d&rsquo;accueillir des densit\u00e9s plus importantes, allant de <strong>\u00ab Moyenne \u00bb \u00e0 \u00ab Forte \u00bb<\/strong>.<\/p>\n\n\n\n<p><strong>Bases Ultra-Fines (Skin) :<\/strong> Les membranes en polyur\u00e9thane les plus d\u00e9licates sont con\u00e7ues pour un naturel absolu. En raison de leur finesse, elles ne peuvent supporter qu&rsquo;une densit\u00e9 <strong>\u00ab L\u00e9g\u00e8re \u00bb \u00e0 \u00ab Moyenne-L\u00e9g\u00e8re \u00bb<\/strong>.<\/p>\n\n\n\n<h2 class=\"wp-block-heading has-text-align-center\" style=\"padding-top:var(--wp--preset--spacing--60);font-size:22px\">Harmoniser votre compl\u00e9ment avec vos cheveux restants<\/h2>\n\n\n\n<div class=\"wp-block-media-text has-media-on-the-right is-stacked-on-mobile\"><div class=\"wp-block-media-text__content\">\n<p>Il est tr\u00e8s fr\u00e9quent, en cas de calvitie masculine, de ne plus avoir de cheveux sur le sommet du cr\u00e2ne tout en conservant une forte densit\u00e9 sur les c\u00f4t\u00e9s. Dans cette situation, la cl\u00e9 d&rsquo;un r\u00e9sultat ind\u00e9celable est de choisir une densit\u00e9 qui <strong>se fondra parfaitement<\/strong> avec votre chevelure actuelle.<\/p>\n\n\n\n<p>Pour obtenir un avis personnalis\u00e9, envoyez-nous quelques photos de vos cheveux (comme sur l&rsquo;exemple ci-dessous) \u00e0 l&rsquo;adresse <strong>support@nsyhair.com<\/strong>. Nos experts analyseront votre profil et vous guideront pour s\u00e9lectionner la densit\u00e9 de compl\u00e9ment capillaire la plus adapt\u00e9e \u00e0 votre style.<\/p>\n<\/div><figure class=\"wp-block-media-text__media\"><img decoding=\"async\" src=\"https:\/\/nsyhair.com\/wp-content\/uploads\/2025\/11\/img14.jpg\" alt=\"\" class=\"wp-image-65176 size-full\"><\/figure><\/div>\n","protected":false},"excerpt":{"rendered":"<p>Comprendre notre syst\u00e8me de codification des couleurs D&rsquo;une mani\u00e8re g\u00e9n\u00e9rale, plus le chiffre du code couleur est \u00e9lev\u00e9, plus la [&hellip;]<\/p>\n","protected":false},"author":1,"featured_media":0,"parent":0,"menu_order":0,"comment_status":"closed","ping_status":"closed","template":"","meta":{"site-sidebar-layout":"default","site-content-layout":"","ast-site-content-layout":"default","site-content-style":"default","site-sidebar-style":"default","ast-global-header-display":"","ast-banner-title-visibility":"","ast-main-header-display":"","ast-hfb-above-header-display":"","ast-hfb-below-header-display":"","ast-hfb-mobile-header-display":"","site-post-title":"disabled","ast-breadcrumbs-content":"","ast-featured-img":"","footer-sml-layout":"","ast-disable-related-posts":"","theme-transparent-header-meta":"","adv-header-id-meta":"","stick-header-meta":"","header-above-stick-meta":"","header-main-stick-meta":"","header-below-stick-meta":"","astra-migrate-meta-layouts":"default","ast-page-background-enabled":"default","ast-page-background-meta":{"desktop":{"background-color":"var(--ast-global-color-5)","background-image":"","background-repeat":"repeat","background-position":"center center","background-size":"auto","background-attachment":"scroll","background-type":"","background-media":"","overlay-type":"","overlay-color":"","overlay-opacity":"","overlay-gradient":""},"tablet":{"background-color":"","background-image":"","background-repeat":"repeat","background-position":"center center","background-size":"auto","background-attachment":"scroll","background-type":"","background-media":"","overlay-type":"","overlay-color":"","overlay-opacity":"","overlay-gradient":""},"mobile":{"background-color":"","background-image":"","background-repeat":"repeat","background-position":"center center","background-size":"auto","background-attachment":"scroll","background-type":"","background-media":"","overlay-type":"","overlay-color":"","overlay-opacity":"","overlay-gradient":""}},"ast-content-background-meta":{"desktop":{"background-color":"var(--ast-global-color-4)","background-image":"","background-repeat":"repeat","background-position":"center center","background-size":"auto","background-attachment":"scroll","background-type":"","background-media":"","overlay-type":"","overlay-color":"","overlay-opacity":"","overlay-gradient":""},"tablet":{"background-color":"var(--ast-global-color-4)","background-image":"","background-repeat":"repeat","background-position":"center center","background-size":"auto","background-attachment":"scroll","background-type":"","background-media":"","overlay-type":"","overlay-color":"","overlay-opacity":"","overlay-gradient":""},"mobile":{"background-color":"var(--ast-global-color-4)","background-image":"","background-repeat":"repeat","background-position":"center center","background-size":"auto","background-attachment":"scroll","background-type":"","background-media":"","overlay-type":"","overlay-color":"","overlay-opacity":"","overlay-gradient":""}},"footnotes":""},"class_list":["post-89","page","type-page","status-publish","hentry"],"_links":{"self":[{"href":"https:\/\/nsyhair.com\/fr\/wp-json\/wp\/v2\/pages\/89","targetHints":{"allow":["GET"]}}],"collection":[{"href":"https:\/\/nsyhair.com\/fr\/wp-json\/wp\/v2\/pages"}],"about":[{"href":"https:\/\/nsyhair.com\/fr\/wp-json\/wp\/v2\/types\/page"}],"author":[{"embeddable":true,"href":"https:\/\/nsyhair.com\/fr\/wp-json\/wp\/v2\/users\/1"}],"replies":[{"embeddable":true,"href":"https:\/\/nsyhair.com\/fr\/wp-json\/wp\/v2\/comments?post=89"}],"version-history":[{"count":5,"href":"https:\/\/nsyhair.com\/fr\/wp-json\/wp\/v2\/pages\/89\/revisions"}],"predecessor-version":[{"id":18312,"href":"https:\/\/nsyhair.com\/fr\/wp-json\/wp\/v2\/pages\/89\/revisions\/18312"}],"wp:attachment":[{"href":"https:\/\/nsyhair.com\/fr\/wp-json\/wp\/v2\/media?parent=89"}],"curies":[{"name":"wp","href":"https:\/\/api.w.org\/{rel}","templated":true}]}}