{"id":67,"date":"2025-12-24T07:29:55","date_gmt":"2025-12-24T06:29:55","guid":{"rendered":"https:\/\/nsyhair.com\/fr\/?page_id=67"},"modified":"2026-04-08T08:05:20","modified_gmt":"2026-04-08T06:05:20","slug":"complement-capillaire-lace-respirant-discret","status":"publish","type":"page","link":"https:\/\/nsyhair.com\/fr\/complement-capillaire-lace-respirant-discret\/","title":{"rendered":"Proth\u00e8se Capillair En Dentelle"},"content":{"rendered":"\n<div class=\"wp-block-columns alignwide is-layout-flex wp-container-core-columns-is-layout-349d4d0c wp-block-columns-is-layout-flex\" style=\"margin-top:30px\">\n<div class=\"wp-block-column is-layout-flow wp-block-column-is-layout-flow\">\n<div class=\"wp-block-columns alignwide is-layout-flex wp-container-core-columns-is-layout-28f84493 wp-block-columns-is-layout-flex\">\n<div class=\"wp-block-column is-layout-flow wp-block-column-is-layout-flow\">\n<div class=\"wp-block-group is-vertical is-layout-flex wp-container-core-group-is-layout-fe9cc265 wp-block-group-is-layout-flex\">\n<figure class=\"wp-block-image size-full\"><a href=\"https:\/\/nsyhair.com\/fr\/produit\/ffle-complement-capillaire-hommes-dentelle-francais-sur-tout\/\"><img loading=\"lazy\" decoding=\"async\" width=\"800\" height=\"800\" src=\"https:\/\/nsyhair.com\/fr\/wp-content\/uploads\/2026\/04\/ffle.webp\" alt=\"\" class=\"wp-image-18218\" srcset=\"https:\/\/nsyhair.com\/fr\/wp-content\/uploads\/2026\/04\/ffle.webp 800w, https:\/\/nsyhair.com\/fr\/wp-content\/uploads\/2026\/04\/ffle-768x768.webp 768w, https:\/\/nsyhair.com\/fr\/wp-content\/uploads\/2026\/04\/ffle-600x600.webp 600w, https:\/\/nsyhair.com\/fr\/wp-content\/uploads\/2026\/04\/ffle-100x100.webp 100w\" sizes=\"auto, (max-width: 800px) 100vw, 800px\" \/><\/a><\/figure>\n\n\n\n<div class=\"wp-block-buttons is-layout-flex wp-block-buttons-is-layout-flex\">\n<div class=\"wp-block-button\"><a class=\"wp-block-button__link has-text-color has-background has-link-color wp-element-button\" style=\"color:#d4af37;background-color:#0d1b2a\">Solo | Dual-System<\/a><\/div>\n<\/div>\n\n\n\n<h5 class=\"wp-block-heading\" style=\"font-size:18px;line-height:1.5\"><a href=\"https:\/\/nsyhair.com\/fr\/produit\/ffle-complement-capillaire-hommes-dentelle-francais-sur-tout\/\"><a href=\"https:\/\/nsyhair.com\/fr\/produit\/ffle-complement-capillaire-hommes-dentelle-francais-sur-tout\/\" target=\"_blank\" rel=\"noreferrer noopener\">FFLE | Compl\u00e9ment Capillaire Homme | Full Lace Fran\u00e7aise<\/a><\/a><\/h5>\n\n\n\n<p class=\"has-text-color has-link-color wp-elements-5cb8a5e8aafc281a858ac6d0df1f972c\" style=\"color:#990617;margin-top:-20px;font-size:16px;font-style:normal;font-weight:600;line-height:1.5\"><strong><strong><strong><strong>269.00\u00a0\u20ac<\/strong>\u00a0\u2013\u00a0<strong>399.00\u00a0\u20ac<\/strong><\/strong><\/strong><\/strong><\/p>\n<\/div>\n<\/div>\n\n\n\n<div class=\"wp-block-column is-layout-flow wp-block-column-is-layout-flow\">\n<div class=\"wp-block-group is-vertical is-layout-flex wp-container-core-group-is-layout-fe9cc265 wp-block-group-is-layout-flex\">\n<figure class=\"wp-block-image size-full\"><a href=\"https:\/\/nsyhair.com\/fr\/produit\/fsle-prothese-capillaire-hommes-dentelle-dentelle-suisse\/\"><img loading=\"lazy\" decoding=\"async\" width=\"800\" height=\"800\" src=\"https:\/\/nsyhair.com\/fr\/wp-content\/uploads\/2026\/04\/FSLE.webp\" alt=\"\" class=\"wp-image-18241\" srcset=\"https:\/\/nsyhair.com\/fr\/wp-content\/uploads\/2026\/04\/FSLE.webp 800w, https:\/\/nsyhair.com\/fr\/wp-content\/uploads\/2026\/04\/FSLE-768x768.webp 768w, https:\/\/nsyhair.com\/fr\/wp-content\/uploads\/2026\/04\/FSLE-600x600.webp 600w, https:\/\/nsyhair.com\/fr\/wp-content\/uploads\/2026\/04\/FSLE-100x100.webp 100w\" sizes=\"auto, (max-width: 800px) 100vw, 800px\" \/><\/a><\/figure>\n\n\n\n<div class=\"wp-block-buttons is-layout-flex wp-block-buttons-is-layout-flex\">\n<div class=\"wp-block-button\"><a class=\"wp-block-button__link has-text-color has-background has-link-color wp-element-button\" style=\"color:#d4af37;background-color:#0d1b2a\">Solo | Dual-System<\/a><\/div>\n<\/div>\n\n\n\n<h5 class=\"wp-block-heading\" style=\"font-size:18px;line-height:1.5\"><a href=\"https:\/\/nsyhair.com\/fr\/produit\/fsle-prothese-capillaire-hommes-dentelle-dentelle-suisse\/\"><a href=\"https:\/\/nsyhair.com\/fr\/produit\/fsle-prothese-capillaire-hommes-dentelle-dentelle-suisse\/\">FSLE | Compl\u00e9ment Capillaire Homme | 100% Dentelle Suisse<\/a><\/a><\/h5>\n\n\n\n<p class=\"has-text-color has-link-color wp-elements-a8aca2f4b268972adc5bac3a34520f0f\" style=\"color:#990617;margin-top:-20px;font-size:16px;font-style:normal;font-weight:600;line-height:1.5\"><strong><strong><strong><strong><strong>269.00\u00a0\u20ac<\/strong>\u00a0\u2013\u00a0<strong>399.00\u00a0\u20ac<\/strong><\/strong><\/strong><\/strong><\/strong><\/p>\n<\/div>\n<\/div>\n\n\n\n<div class=\"wp-block-column is-layout-flow wp-block-column-is-layout-flow\">\n<div class=\"wp-block-group is-vertical is-layout-flex wp-container-core-group-is-layout-fe9cc265 wp-block-group-is-layout-flex\">\n<figure class=\"wp-block-image size-full\"><a href=\"https:\/\/nsyhair.com\/fr\/produit\/ffp-dentelle-francaise-avec-postiches-en-peau-fine-pour-cheveux-clairsemes\/\"><img loading=\"lazy\" decoding=\"async\" width=\"800\" height=\"800\" src=\"https:\/\/nsyhair.com\/fr\/wp-content\/uploads\/2026\/04\/FFP.webp\" alt=\"\" class=\"wp-image-18244\" srcset=\"https:\/\/nsyhair.com\/fr\/wp-content\/uploads\/2026\/04\/FFP.webp 800w, https:\/\/nsyhair.com\/fr\/wp-content\/uploads\/2026\/04\/FFP-768x768.webp 768w, https:\/\/nsyhair.com\/fr\/wp-content\/uploads\/2026\/04\/FFP-600x600.webp 600w, https:\/\/nsyhair.com\/fr\/wp-content\/uploads\/2026\/04\/FFP-100x100.webp 100w\" sizes=\"auto, (max-width: 800px) 100vw, 800px\" \/><\/a><\/figure>\n\n\n\n<div class=\"wp-block-buttons is-layout-flex wp-block-buttons-is-layout-flex\">\n<div class=\"wp-block-button\"><a class=\"wp-block-button__link has-text-color has-background has-link-color wp-element-button\" style=\"color:#d4af37;background-color:#0d1b2a\">Solo | Dual-System<\/a><\/div>\n<\/div>\n\n\n\n<h5 class=\"wp-block-heading\" style=\"font-size:18px;line-height:1.5\"><a href=\"https:\/\/nsyhair.com\/fr\/produit\/ffp-dentelle-francaise-avec-postiches-en-peau-fine-pour-cheveux-clairsemes\/\" data-type=\"link\" data-id=\"https:\/\/nsyhair.com\/fr\/produit\/ffp-dentelle-francaise-avec-postiches-en-peau-fine-pour-cheveux-clairsemes\/\"><a href=\"https:\/\/nsyhair.com\/fr\/produit\/ffp-dentelle-francaise-avec-postiches-en-peau-fine-pour-cheveux-clairsemes\/\">FFP | Compl\u00e9ment Capillaire Homme | Lace Front Fran\u00e7aise &amp; Arri\u00e8re en Poly<\/a><\/a><\/h5>\n\n\n\n<p class=\"has-text-color has-link-color wp-elements-93a39e5f336af6339214b028eea8652d\" style=\"color:#990617;margin-top:-20px;font-size:16px;font-style:normal;font-weight:600;line-height:1.5\"><strong><strong><strong><strong><strong><strong>269.00\u00a0\u20ac<\/strong>\u00a0\u2013\u00a0<strong>399.00\u00a0\u20ac<\/strong><\/strong><\/strong><\/strong><\/strong><\/strong><\/p>\n<\/div>\n<\/div>\n\n\n\n<div class=\"wp-block-column is-layout-flow wp-block-column-is-layout-flow\">\n<div class=\"wp-block-group is-vertical is-layout-flex wp-container-core-group-is-layout-fe9cc265 wp-block-group-is-layout-flex\">\n<figure class=\"wp-block-image size-full\"><a href=\"https:\/\/nsyhair.com\/fr\/produit\/hlw-complement-capillaire-hommes-avec-front-en-dentelle-naturelle-et-perimetre-en-peau\/\"><img loading=\"lazy\" decoding=\"async\" width=\"800\" height=\"800\" src=\"https:\/\/nsyhair.com\/fr\/wp-content\/uploads\/2026\/04\/hlw.webp\" alt=\"\" class=\"wp-image-18220\" srcset=\"https:\/\/nsyhair.com\/fr\/wp-content\/uploads\/2026\/04\/hlw.webp 800w, https:\/\/nsyhair.com\/fr\/wp-content\/uploads\/2026\/04\/hlw-768x768.webp 768w, https:\/\/nsyhair.com\/fr\/wp-content\/uploads\/2026\/04\/hlw-600x600.webp 600w, https:\/\/nsyhair.com\/fr\/wp-content\/uploads\/2026\/04\/hlw-100x100.webp 100w\" sizes=\"auto, (max-width: 800px) 100vw, 800px\" \/><\/a><\/figure>\n\n\n\n<div class=\"wp-block-buttons is-layout-flex wp-block-buttons-is-layout-flex\">\n<div class=\"wp-block-button\"><a class=\"wp-block-button__link has-text-color has-background has-link-color wp-element-button\" style=\"color:#d4af37;background-color:#0d1b2a\">Solo | Dual-System<\/a><\/div>\n<\/div>\n\n\n\n<h5 class=\"wp-block-heading\" style=\"font-size:18px;line-height:1.5\"><a href=\"https:\/\/nsyhair.com\/fr\/produit\/hlw-complement-capillaire-hommes-avec-front-en-dentelle-naturelle-et-perimetre-en-peau\/\"><a href=\"https:\/\/nsyhair.com\/fr\/produit\/hlw-complement-capillaire-hommes-avec-front-en-dentelle-naturelle-et-perimetre-en-peau\/\" target=\"_blank\" rel=\"noreferrer noopener\">HLW | Compl\u00e9ment Capillaire Homme | Lace Front &amp; Contour Poly<\/a><\/a><\/h5>\n\n\n\n<p class=\"has-text-color has-link-color wp-elements-d14d1484b928369caa11a34c2dc029fd\" style=\"color:#990617;margin-top:-20px;font-style:normal;font-weight:600;line-height:1.5\"><strong><strong><strong><strong><strong><strong><strong>269.00\u00a0\u20ac<\/strong>\u00a0\u2013\u00a0<strong>399.00\u00a0\u20ac<\/strong><\/strong><\/strong><\/strong><\/strong><\/strong><\/strong><\/p>\n<\/div>\n<\/div>\n<\/div>\n<\/div>\n<\/div>\n\n\n\n<div class=\"wp-block-columns alignwide is-layout-flex wp-container-core-columns-is-layout-8a5aac13 wp-block-columns-is-layout-flex\" style=\"margin-top:30px;margin-bottom:30px\">\n<div class=\"wp-block-column is-layout-flow wp-block-column-is-layout-flow\">\n<div class=\"wp-block-columns alignwide is-layout-flex wp-container-core-columns-is-layout-28f84493 wp-block-columns-is-layout-flex\">\n<div class=\"wp-block-column is-layout-flow wp-block-column-is-layout-flow\">\n<div class=\"wp-block-group is-vertical is-layout-flex wp-container-core-group-is-layout-fe9cc265 wp-block-group-is-layout-flex\">\n<figure class=\"wp-block-image size-full\"><a href=\"https:\/\/nsyhair.com\/fr\/produit\/flas-complement-capillaire-en-dentelle-francaise-top\/\"><img loading=\"lazy\" decoding=\"async\" width=\"800\" height=\"800\" src=\"https:\/\/nsyhair.com\/fr\/wp-content\/uploads\/2026\/04\/flas.webp\" alt=\"\" class=\"wp-image-18245\" srcset=\"https:\/\/nsyhair.com\/fr\/wp-content\/uploads\/2026\/04\/flas.webp 800w, https:\/\/nsyhair.com\/fr\/wp-content\/uploads\/2026\/04\/flas-768x768.webp 768w, https:\/\/nsyhair.com\/fr\/wp-content\/uploads\/2026\/04\/flas-600x600.webp 600w, https:\/\/nsyhair.com\/fr\/wp-content\/uploads\/2026\/04\/flas-100x100.webp 100w\" sizes=\"auto, (max-width: 800px) 100vw, 800px\" \/><\/a><\/figure>\n\n\n\n<div class=\"wp-block-buttons is-layout-flex wp-block-buttons-is-layout-flex\">\n<div class=\"wp-block-button\"><a class=\"wp-block-button__link has-text-color has-background has-link-color wp-element-button\" style=\"color:#d4af37;background-color:#0d1b2a\">Solo | Dual-System<\/a><\/div>\n<\/div>\n\n\n\n<h5 class=\"wp-block-heading\" style=\"font-size:18px;line-height:1.5\"><a href=\"https:\/\/lao.nsyhair.com\/product\/stsv-0-06mm-ultra-thin-skin-v-looped-mens-hairpieces\/\"><\/a><a href=\"https:\/\/nsyhair.com\/fr\/produit\/flas-complement-capillaire-en-dentelle-francaise-top\/\"><a href=\"https:\/\/nsyhair.com\/fr\/produit\/flas-complement-capillaire-en-dentelle-francaise-top\/\">FLAS | Compl\u00e9ment Capillaire Homme | Sommet Dentelle Fran\u00e7aise &amp; Contour Poly<\/a><\/a><\/h5>\n\n\n\n<p class=\"has-text-color has-link-color wp-elements-0551bc519568d97e4d47901339574210\" style=\"color:#990617;margin-top:-20px;font-size:16px;font-style:normal;font-weight:600;line-height:1.5\"><strong><strong><strong><strong><strong>269.00\u00a0\u20ac<\/strong>\u00a0\u2013\u00a0<strong>399.00\u00a0\u20ac<\/strong><\/strong><\/strong><\/strong><\/strong><\/p>\n<\/div>\n<\/div>\n\n\n\n<div class=\"wp-block-column is-layout-flow wp-block-column-is-layout-flow\">\n<div class=\"wp-block-group is-vertical is-layout-flex wp-container-core-group-is-layout-fe9cc265 wp-block-group-is-layout-flex\">\n<figure class=\"wp-block-image size-full\"><a href=\"https:\/\/nsyhair.com\/fr\/produit\/fotc-dentelle-francaise-avec-arriere-et-cotes-en-pu-de-1-pouce\/\"><img loading=\"lazy\" decoding=\"async\" width=\"800\" height=\"800\" src=\"https:\/\/nsyhair.com\/fr\/wp-content\/uploads\/2026\/04\/fotc.webp\" alt=\"\" class=\"wp-image-18248\" srcset=\"https:\/\/nsyhair.com\/fr\/wp-content\/uploads\/2026\/04\/fotc.webp 800w, https:\/\/nsyhair.com\/fr\/wp-content\/uploads\/2026\/04\/fotc-768x768.webp 768w, https:\/\/nsyhair.com\/fr\/wp-content\/uploads\/2026\/04\/fotc-600x600.webp 600w, https:\/\/nsyhair.com\/fr\/wp-content\/uploads\/2026\/04\/fotc-100x100.webp 100w\" sizes=\"auto, (max-width: 800px) 100vw, 800px\" \/><\/a><\/figure>\n\n\n\n<div class=\"wp-block-buttons is-layout-flex wp-block-buttons-is-layout-flex\">\n<div class=\"wp-block-button\"><a class=\"wp-block-button__link has-text-color has-background has-link-color wp-element-button\" style=\"color:#d4af37;background-color:#0d1b2a\">Solo | Dual-System<\/a><\/div>\n<\/div>\n\n\n\n<h5 class=\"wp-block-heading\" style=\"font-size:18px;line-height:1.5\"><a href=\"https:\/\/lao.nsyhair.com\/product\/ffle-full-french-lace-hairpieces-for-men\/\"><\/a><a href=\"https:\/\/nsyhair.com\/fr\/produit\/fotc-dentelle-francaise-avec-arriere-et-cotes-en-pu-de-1-pouce\/\"><a href=\"https:\/\/nsyhair.com\/fr\/produit\/fotc-dentelle-francaise-avec-arriere-et-cotes-en-pu-de-1-pouce\/\">FOTC | Compl\u00e9ment Capillaire Homme | Dentelle Fran\u00e7aise &amp; Bordure Poly (2,5 cm)<\/a><\/a><\/h5>\n\n\n\n<p class=\"has-text-color has-link-color wp-elements-a8aca2f4b268972adc5bac3a34520f0f\" style=\"color:#990617;margin-top:-20px;font-size:16px;font-style:normal;font-weight:600;line-height:1.5\"><strong><strong><strong><strong><strong>269.00\u00a0\u20ac<\/strong>\u00a0\u2013\u00a0<strong>399.00\u00a0\u20ac<\/strong><\/strong><\/strong><\/strong><\/strong><\/p>\n<\/div>\n<\/div>\n\n\n\n<div class=\"wp-block-column is-layout-flow wp-block-column-is-layout-flow\"><\/div>\n\n\n\n<div class=\"wp-block-column is-layout-flow wp-block-column-is-layout-flow\"><\/div>\n<\/div>\n<\/div>\n<\/div>\n","protected":false},"excerpt":{"rendered":"<p>FFLE | Compl\u00e9ment Capillaire Homme | Full Lace Fran\u00e7aise 269.00\u00a0\u20ac\u00a0\u2013\u00a0399.00\u00a0\u20ac FSLE | Compl\u00e9ment Capillaire Homme | 100% Dentelle Suisse 269.00\u00a0\u20ac\u00a0\u2013\u00a0399.00\u00a0\u20ac [&hellip;]<\/p>\n","protected":false},"author":1,"featured_media":0,"parent":0,"menu_order":0,"comment_status":"closed","ping_status":"closed","template":"","meta":{"site-sidebar-layout":"default","site-content-layout":"","ast-site-content-layout":"default","site-content-style":"default","site-sidebar-style":"default","ast-global-header-display":"","ast-banner-title-visibility":"","ast-main-header-display":"","ast-hfb-above-header-display":"","ast-hfb-below-header-display":"","ast-hfb-mobile-header-display":"","site-post-title":"disabled","ast-breadcrumbs-content":"","ast-featured-img":"","footer-sml-layout":"","ast-disable-related-posts":"","theme-transparent-header-meta":"","adv-header-id-meta":"","stick-header-meta":"","header-above-stick-meta":"","header-main-stick-meta":"","header-below-stick-meta":"","astra-migrate-meta-layouts":"default","ast-page-background-enabled":"default","ast-page-background-meta":{"desktop":{"background-color":"var(--ast-global-color-5)","background-image":"","background-repeat":"repeat","background-position":"center center","background-size":"auto","background-attachment":"scroll","background-type":"","background-media":"","overlay-type":"","overlay-color":"","overlay-opacity":"","overlay-gradient":""},"tablet":{"background-color":"","background-image":"","background-repeat":"repeat","background-position":"center center","background-size":"auto","background-attachment":"scroll","background-type":"","background-media":"","overlay-type":"","overlay-color":"","overlay-opacity":"","overlay-gradient":""},"mobile":{"background-color":"","background-image":"","background-repeat":"repeat","background-position":"center center","background-size":"auto","background-attachment":"scroll","background-type":"","background-media":"","overlay-type":"","overlay-color":"","overlay-opacity":"","overlay-gradient":""}},"ast-content-background-meta":{"desktop":{"background-color":"var(--ast-global-color-4)","background-image":"","background-repeat":"repeat","background-position":"center center","background-size":"auto","background-attachment":"scroll","background-type":"","background-media":"","overlay-type":"","overlay-color":"","overlay-opacity":"","overlay-gradient":""},"tablet":{"background-color":"var(--ast-global-color-4)","background-image":"","background-repeat":"repeat","background-position":"center center","background-size":"auto","background-attachment":"scroll","background-type":"","background-media":"","overlay-type":"","overlay-color":"","overlay-opacity":"","overlay-gradient":""},"mobile":{"background-color":"var(--ast-global-color-4)","background-image":"","background-repeat":"repeat","background-position":"center center","background-size":"auto","background-attachment":"scroll","background-type":"","background-media":"","overlay-type":"","overlay-color":"","overlay-opacity":"","overlay-gradient":""}},"footnotes":""},"class_list":["post-67","page","type-page","status-publish","hentry"],"_links":{"self":[{"href":"https:\/\/nsyhair.com\/fr\/wp-json\/wp\/v2\/pages\/67","targetHints":{"allow":["GET"]}}],"collection":[{"href":"https:\/\/nsyhair.com\/fr\/wp-json\/wp\/v2\/pages"}],"about":[{"href":"https:\/\/nsyhair.com\/fr\/wp-json\/wp\/v2\/types\/page"}],"author":[{"embeddable":true,"href":"https:\/\/nsyhair.com\/fr\/wp-json\/wp\/v2\/users\/1"}],"replies":[{"embeddable":true,"href":"https:\/\/nsyhair.com\/fr\/wp-json\/wp\/v2\/comments?post=67"}],"version-history":[{"count":3,"href":"https:\/\/nsyhair.com\/fr\/wp-json\/wp\/v2\/pages\/67\/revisions"}],"predecessor-version":[{"id":18269,"href":"https:\/\/nsyhair.com\/fr\/wp-json\/wp\/v2\/pages\/67\/revisions\/18269"}],"wp:attachment":[{"href":"https:\/\/nsyhair.com\/fr\/wp-json\/wp\/v2\/media?parent=67"}],"curies":[{"name":"wp","href":"https:\/\/api.w.org\/{rel}","templated":true}]}}