{"id":1231,"date":"2025-12-30T09:46:06","date_gmt":"2025-12-30T08:46:06","guid":{"rendered":"https:\/\/nsyhair.com\/fr\/?page_id=1231"},"modified":"2025-12-30T09:46:08","modified_gmt":"2025-12-30T08:46:08","slug":"a-propos-de-nous","status":"publish","type":"page","link":"https:\/\/nsyhair.com\/fr\/a-propos-de-nous\/","title":{"rendered":"\u00c0 propos de Nous"},"content":{"rendered":"\n<h2 class=\"wp-block-heading has-text-align-center\" style=\"margin-top:var(--wp--preset--spacing--80)\"><strong>\u00c0 PROPOS DE NSYHAIR<\/strong><\/h2>\n\n\n\n<p class=\"has-text-align-center\">Fabricant en gros de perruques et de syst\u00e8mes capillaires.<\/p>\n\n\n\n<div class=\"wp-block-columns alignwide is-layout-flex wp-container-core-columns-is-layout-28f84493 wp-block-columns-is-layout-flex\">\n<div class=\"wp-block-column is-layout-flow wp-block-column-is-layout-flow\">\n<div class=\"wp-block-media-text alignwide is-stacked-on-mobile\"><figure class=\"wp-block-media-text__media\"><img decoding=\"async\" src=\"https:\/\/nsyhair.com\/wp-content\/uploads\/2024\/02\/factory.jpg\" alt=\"\" class=\"wp-image-627 size-full\"><\/figure><div class=\"wp-block-media-text__content\">\n<p>Fabrication OEM de proth\u00e8ses capillaires non chirurgicales.<\/p>\n\n\n\n<p>Nous sommes \u00e9tablis \u00e0 Qingdao et fournissons l\u2019industrie capillaire depuis pr\u00e8s de 30 ans. Nous disposons de deux usines modernes \u00e0 la p\u00e9riph\u00e9rie de Qingdao.<\/p>\n\n\n\n<p>Avec 30 ans d\u2019exp\u00e9rience dans le secteur, notre usine se sp\u00e9cialise dans les proth\u00e8ses capillaires masculines. Nos professionnels disposent d\u2019une expertise plus riche dans ce domaine, ce qui nous permet de produire des produits de meilleure qualit\u00e9.<\/p>\n\n\n\n<p>NSYHAIR est fier de s\u2019appuyer sur des mati\u00e8res premi\u00e8res d\u2019origine \u00e9thique et un personnel hautement exp\u00e9riment\u00e9 pour concevoir des syst\u00e8mes capillaires de haute qualit\u00e9 pour de nombreuses grandes marques \u00e0 travers le monde. Bien s\u00fbr, nous pouvons \u00e9galement traiter des commandes sur mesure ou pr\u00e9parer des stocks selon vos sp\u00e9cifications et besoins.<\/p>\n\n\n\n<p><strong>Commandes sur mesure<\/strong>\u00a0: nos clients pr\u00e9f\u00e8rent personnaliser leurs proth\u00e8ses capillaires en fonction de leurs march\u00e9s cibles ou de leurs designers sp\u00e9cialis\u00e9s en cheveux.<\/p>\n\n\n\n<p><strong>Commandes en stock<\/strong>\u00a0: pour des exp\u00e9ditions imm\u00e9diates, nous disposons d\u2019environ 80 000 unit\u00e9s en stock, s\u00e9lectionn\u00e9es parmi les best-sellers et les mod\u00e8les les plus demand\u00e9s par nos partenaires.<\/p>\n\n\n\n<p>Si nous pouvons vous rendre service ou si vous avez d\u2019autres questions, n\u2019h\u00e9sitez pas \u00e0 me contacter directement.<\/p>\n<\/div><\/div>\n<\/div>\n<\/div>\n\n\n\n<h2 class=\"wp-block-heading has-text-align-center\" style=\"margin-top:var(--wp--preset--spacing--80)\"><a href=\"https:\/\/nsyhair.com\/\">\u00c0 <\/a>P<a href=\"https:\/\/nsyhair.com\/\">ropos de Nous<\/a><\/h2>\n\n\n\n<div class=\"wp-block-columns alignwide is-layout-flex wp-container-core-columns-is-layout-28f84493 wp-block-columns-is-layout-flex\">\n<div class=\"wp-block-column is-layout-flow wp-block-column-is-layout-flow\">\n<div class=\"wp-block-media-text alignwide has-media-on-the-right is-stacked-on-mobile\"><div class=\"wp-block-media-text__content\">\n<p><strong><strong>Usine de Proth\u00e8ses Capillaires<\/strong><\/strong><\/p>\n\n\n\n<p>L\u2019un des plus grands fabricants de syst\u00e8mes capillaires et de perruques pour distributeurs, notre usine s\u2019\u00e9tend sur une superficie de 4000 km\u00b2. Nous employons plus de 100 artisans qualifi\u00e9s. Notre \u00e9quipe d\u2019usine exp\u00e9riment\u00e9e travaille avec l\u2019\u00e9quipement le plus moderne pour produire des produits de haute qualit\u00e9. Nos investissements dans l\u2019usine nous ont permis d\u2019atteindre un niveau de production \u00e9lev\u00e9, avec plus de 15 000 syst\u00e8mes capillaires fabriqu\u00e9s chaque mois.<\/p>\n\n\n\n<p>Cette capacit\u00e9 nous permet de r\u00e9pondre \u00e0 tous les besoins en produits de nos clients. Chacune de nos proth\u00e8ses capillaires passe par une s\u00e9rie de processus de contr\u00f4le qualit\u00e9, incluant six tours d\u2019inspection pendant la production. Cela garantit que chaque syst\u00e8me capillaire respecte les normes les plus \u00e9lev\u00e9es. Nos clients comptent sur notre usine pour fournir constamment des syst\u00e8mes capillaires de la plus haute qualit\u00e9 \u00e0 leurs activit\u00e9s.<\/p>\n<\/div><figure class=\"wp-block-media-text__media\"><img decoding=\"async\" src=\"https:\/\/nsyhair.com\/wp-content\/uploads\/2024\/02\/factory1.jpg\" alt=\"\" class=\"wp-image-628 size-full\"><\/figure><\/div>\n<\/div>\n<\/div>\n\n\n\n<div class=\"wp-block-columns alignwide is-layout-flex wp-container-core-columns-is-layout-28f84493 wp-block-columns-is-layout-flex\">\n<div class=\"wp-block-column is-layout-flow wp-block-column-is-layout-flow\">\n<div class=\"wp-block-media-text alignwide is-stacked-on-mobile\"><figure class=\"wp-block-media-text__media\"><img decoding=\"async\" src=\"https:\/\/nsyhair.com\/wp-content\/uploads\/2024\/02\/factory2.jpg\" alt=\"\" class=\"wp-image-629 size-full\"><\/figure><div class=\"wp-block-media-text__content\">\n<p><strong><strong>2. Si\u00e8ge Social<\/strong><\/strong><\/p>\n\n\n\n<p>Notre si\u00e8ge social comprend de nombreux d\u00e9partements : contr\u00f4le de qualit\u00e9, service client, design, support technique, cha\u00eene d\u2019approvisionnement et \u00e9quipe d\u2019exploitation. Notre \u00e9quipe de service client hautement sp\u00e9cialis\u00e9e est disponible 24h\/24. Ses membres ma\u00eetrisent parfaitement l\u2019anglais, l\u2019espagnol, le fran\u00e7ais et l\u2019allemand. Vous pouvez compter sur un service rapide et attentionn\u00e9 lorsque vous les contactez.<\/p>\n<\/div><\/div>\n<\/div>\n<\/div>\n\n\n\n<div class=\"wp-block-columns alignwide is-layout-flex wp-container-core-columns-is-layout-28f84493 wp-block-columns-is-layout-flex\">\n<div class=\"wp-block-column is-layout-flow wp-block-column-is-layout-flow\">\n<div class=\"wp-block-media-text alignwide has-media-on-the-right is-stacked-on-mobile\"><div class=\"wp-block-media-text__content\">\n<p>Nous attachons une grande importance \u00e0 nos clients internationaux. C\u2019est pourquoi il nous est essentiel de pouvoir communiquer avec eux, quel que soit leur fuseau horaire ou leur emplacement. Notre personnel professionnel s\u2019assurera que vous trouviez les syst\u00e8mes capillaires dont vous avez besoin et que les commandes soient trait\u00e9es efficacement. Nous disposons d\u2019une excellente \u00e9quipe d\u2019inspection qui garantit une haute qualit\u00e9 constante tout au long du processus de production. En proposant nos produits \u00e0 vos clients, votre marque gagnera progressivement en respect et en renomm\u00e9e sur le march\u00e9.<\/p>\n<\/div><figure class=\"wp-block-media-text__media\"><img decoding=\"async\" src=\"https:\/\/nsyhair.com\/wp-content\/uploads\/2024\/02\/factory4.jpg\" alt=\"\" class=\"wp-image-630 size-full\"><\/figure><\/div>\n<\/div>\n<\/div>\n\n\n\n<div class=\"wp-block-columns alignwide is-layout-flex wp-container-core-columns-is-layout-28f84493 wp-block-columns-is-layout-flex\">\n<div class=\"wp-block-column is-layout-flow wp-block-column-is-layout-flow\">\n<div class=\"wp-block-media-text alignwide is-stacked-on-mobile\"><figure class=\"wp-block-media-text__media\"><img decoding=\"async\" src=\"https:\/\/nsyhair.com\/wp-content\/uploads\/2024\/02\/factory5.jpg\" alt=\"\" class=\"wp-image-631 size-full\"><\/figure><div class=\"wp-block-media-text__content\">\n<p>De plus, notre studio de services capillaires dispose d\u2019une \u00e9quipe de coiffeurs professionnels qui peuvent fournir des services complets de proth\u00e8ses capillaires. Tous nos d\u00e9partements sont transparentes les unes avec les autres en mati\u00e8re de partage d\u2019informations. Cela permet aux clients de b\u00e9n\u00e9ficier d\u2019une exp\u00e9rience fluide lors de leur collaboration avec nous. Les membres du personnel sont enti\u00e8rement qualifi\u00e9s pour r\u00e9pondre \u00e0 toutes les questions avant et apr\u00e8s chaque vente.<\/p>\n<\/div><\/div>\n<\/div>\n<\/div>\n\n\n\n<div class=\"wp-block-columns alignwide is-layout-flex wp-container-core-columns-is-layout-28f84493 wp-block-columns-is-layout-flex\">\n<div class=\"wp-block-column is-layout-flow wp-block-column-is-layout-flow\">\n<div class=\"wp-block-media-text alignwide has-media-on-the-right is-stacked-on-mobile\"><div class=\"wp-block-media-text__content\">\n<p>NSYHAIR dispose d\u2019un stock de plus de 30 000 syst\u00e8mes capillaires, r\u00e9partis en plus de 40 mod\u00e8les diff\u00e9rents et plus de 60 coloris, pr\u00eats \u00e0 \u00eatre exp\u00e9di\u00e9s imm\u00e9diatement. Nous proposons une large gamme de designs pour vos clients : notamment des perruques en dentelle, \u00e0 base de peau synth\u00e9tique et mono-r\u00e9seau pour hommes, ainsi que des perruques compl\u00e8tes, des toupees de volume, des extensions capillaires et des syst\u00e8mes d\u2019int\u00e9gration capillaire pour femmes.<\/p>\n\n\n\n<p>Nous mettons \u00e9galement \u00e0 votre disposition divers accessoires, tels que des rubans adh\u00e9sifs, des \u00e9chantillons de couleur, des tableaux de volume capillaire, des tableaux de densit\u00e9 capillaire et m\u00eame des mannequins capillaires, afin de vous aider \u00e0 d\u00e9velopper votre activit\u00e9 plus efficacement. Tous les articles peuvent \u00eatre livr\u00e9s dans un d\u00e9lai de 3 \u00e0 5 jours ouvrables apr\u00e8s l\u2019exp\u00e9dition.<\/p>\n<\/div><figure class=\"wp-block-media-text__media\"><img decoding=\"async\" src=\"https:\/\/nsyhair.com\/wp-content\/uploads\/2024\/02\/factory6.jpg\" alt=\"\" class=\"wp-image-632 size-full\"><\/figure><\/div>\n<\/div>\n<\/div>\n","protected":false},"excerpt":{"rendered":"<p>\u00c0 PROPOS DE NSYHAIR Fabricant en gros de perruques et de syst\u00e8mes capillaires. Fabrication OEM de proth\u00e8ses capillaires non chirurgicales. [&hellip;]<\/p>\n","protected":false},"author":1,"featured_media":0,"parent":0,"menu_order":0,"comment_status":"closed","ping_status":"closed","template":"","meta":{"site-sidebar-layout":"default","site-content-layout":"","ast-site-content-layout":"default","site-content-style":"default","site-sidebar-style":"default","ast-global-header-display":"","ast-banner-title-visibility":"","ast-main-header-display":"","ast-hfb-above-header-display":"","ast-hfb-below-header-display":"","ast-hfb-mobile-header-display":"","site-post-title":"disabled","ast-breadcrumbs-content":"","ast-featured-img":"","footer-sml-layout":"","ast-disable-related-posts":"","theme-transparent-header-meta":"","adv-header-id-meta":"","stick-header-meta":"","header-above-stick-meta":"","header-main-stick-meta":"","header-below-stick-meta":"","astra-migrate-meta-layouts":"default","ast-page-background-enabled":"default","ast-page-background-meta":{"desktop":{"background-color":"var(--ast-global-color-5)","background-image":"","background-repeat":"repeat","background-position":"center center","background-size":"auto","background-attachment":"scroll","background-type":"","background-media":"","overlay-type":"","overlay-color":"","overlay-opacity":"","overlay-gradient":""},"tablet":{"background-color":"","background-image":"","background-repeat":"repeat","background-position":"center center","background-size":"auto","background-attachment":"scroll","background-type":"","background-media":"","overlay-type":"","overlay-color":"","overlay-opacity":"","overlay-gradient":""},"mobile":{"background-color":"","background-image":"","background-repeat":"repeat","background-position":"center center","background-size":"auto","background-attachment":"scroll","background-type":"","background-media":"","overlay-type":"","overlay-color":"","overlay-opacity":"","overlay-gradient":""}},"ast-content-background-meta":{"desktop":{"background-color":"var(--ast-global-color-4)","background-image":"","background-repeat":"repeat","background-position":"center center","background-size":"auto","background-attachment":"scroll","background-type":"","background-media":"","overlay-type":"","overlay-color":"","overlay-opacity":"","overlay-gradient":""},"tablet":{"background-color":"var(--ast-global-color-4)","background-image":"","background-repeat":"repeat","background-position":"center center","background-size":"auto","background-attachment":"scroll","background-type":"","background-media":"","overlay-type":"","overlay-color":"","overlay-opacity":"","overlay-gradient":""},"mobile":{"background-color":"var(--ast-global-color-4)","background-image":"","background-repeat":"repeat","background-position":"center center","background-size":"auto","background-attachment":"scroll","background-type":"","background-media":"","overlay-type":"","overlay-color":"","overlay-opacity":"","overlay-gradient":""}},"footnotes":""},"class_list":["post-1231","page","type-page","status-publish","hentry"],"_links":{"self":[{"href":"https:\/\/nsyhair.com\/fr\/wp-json\/wp\/v2\/pages\/1231","targetHints":{"allow":["GET"]}}],"collection":[{"href":"https:\/\/nsyhair.com\/fr\/wp-json\/wp\/v2\/pages"}],"about":[{"href":"https:\/\/nsyhair.com\/fr\/wp-json\/wp\/v2\/types\/page"}],"author":[{"embeddable":true,"href":"https:\/\/nsyhair.com\/fr\/wp-json\/wp\/v2\/users\/1"}],"replies":[{"embeddable":true,"href":"https:\/\/nsyhair.com\/fr\/wp-json\/wp\/v2\/comments?post=1231"}],"version-history":[{"count":1,"href":"https:\/\/nsyhair.com\/fr\/wp-json\/wp\/v2\/pages\/1231\/revisions"}],"predecessor-version":[{"id":1232,"href":"https:\/\/nsyhair.com\/fr\/wp-json\/wp\/v2\/pages\/1231\/revisions\/1232"}],"wp:attachment":[{"href":"https:\/\/nsyhair.com\/fr\/wp-json\/wp\/v2\/media?parent=1231"}],"curies":[{"name":"wp","href":"https:\/\/api.w.org\/{rel}","templated":true}]}}